{"id":19,"date":"2018-03-18T10:28:24","date_gmt":"2018-03-18T10:28:24","guid":{"rendered":"https:\/\/ichhabdengroessten.de\/?page_id=19"},"modified":"2025-09-13T14:47:06","modified_gmt":"2025-09-13T12:47:06","slug":"neues-dickes-ding","status":"publish","type":"page","link":"https:\/\/www.ichhabdengroessten.de\/?page_id=19","title":{"rendered":"Neues dickes Ding eintragen!"},"content":{"rendered":"<p>Trage hier deinen neuesten Fang ein!<\/p>\n<ul>\n<li>Bitte f\u00fcge mindestens ein Bild hinzu, am besten mit gut lesbarem Ma\u00dfband neben dem Kaventsmann. Am besten sind mehrere Bilder. Bis zu 5 Bilder sind m\u00f6glich.<\/li>\n<li>Nach dem Hochladen wird dein Post manuell freigeschaltet.<\/li>\n<\/ul>\n<p><code><br \/>\n\n<!-- User Submitted Posts @ https:\/\/m0n.co\/usp -->\n\n<div id=\"user-submitted-posts\">\n\t\t\n\t<form id=\"usp_form\" method=\"post\" enctype=\"multipart\/form-data\" action=\"\">\n\t\t<div id=\"usp-error-message\" class=\"usp-callout-failure usp-hidden\">Bitte f\u00fcllen Sie die Pflichtfelder aus.<\/div>\n\t\t\t\t\n\t\t<fieldset class=\"usp-name\">\n\t\t\t<label for=\"user-submitted-name\">Ihr Name<\/label>\n\t\t\t<input id=\"user-submitted-name\" name=\"user-submitted-name\" type=\"text\" value=\"\" placeholder=\"Ihr Name\" data-required=\"true\" required class=\"usp-input\">\n\t\t<\/fieldset>\n\t\t\t\t\n\t\t<fieldset class=\"usp-title\">\n\t\t\t<label for=\"user-submitted-title\">Beitragstitel<\/label>\n\t\t\t<input id=\"user-submitted-title\" name=\"user-submitted-title\" type=\"text\" value=\"\" placeholder=\"Beitragstitel\" data-required=\"true\" required class=\"usp-input\">\n\t\t<\/fieldset>\n\t\t\t\t\n\t\t<fieldset class=\"usp-custom\">\n\t\t\t<label for=\"user-submitted-custom\">L\u00e4nge (cm)<\/label>\n\t\t\t<input id=\"user-submitted-custom\" name=\"usp_custom_length\" type=\"text\" value=\"\" placeholder=\"L\u00e4nge (cm)\" class=\"usp-input\">\n\t\t<\/fieldset>\n\t\t\t\t\n\t\t<fieldset class=\"usp-content\">\n\t\t\t\t\t\t\t\n\t\t\t<label for=\"user-submitted-content\">Inhalt ver\u00f6ffentlichen<\/label>\n\t\t\t<textarea id=\"user-submitted-content\" name=\"user-submitted-content\" rows=\"5\" placeholder=\"Inhalt ver\u00f6ffentlichen\" data-required=\"true\" required class=\"usp-textarea\"><\/textarea>\n\t\t\t\t\t\t\n\t\t<\/fieldset>\n\t\t\t\t\n\t\t<fieldset class=\"usp-recaptcha\">\n\t\t\t<label for=\"g-recaptcha\">\u00dcberpr\u00fcfung<\/label>\n\t\t\t<div id=\"g-recaptcha\" class=\"g-recaptcha\" data-sitekey=\"6LfIS8grAAAAAPNDp0sEwm802yvvoc7rlZKmcq7I\"><\/div>\n\t\t<\/fieldset>\n\t\t\t\t\t\t\n\t\t<fieldset class=\"usp-images\">\n\t\t\t<label for=\"user-submitted-image\">Ein Bild hochladen<\/label>\n\t\t\t<div id=\"usp-upload-message\">Bitte w\u00e4hlen Sie Ihre Bilder zum Hochladen aus.<\/div>\n\t\t\t<div id=\"user-submitted-image\">\n\t\t\t\t\t\t\t\n\t\t\t\t<input name=\"user-submitted-image[]\" type=\"file\" size=\"25\" class=\"usp-input usp-clone\" data-parsley-excluded=\"true\" accept=\"image\/*\">\n\t\t\t\t<a href=\"#\" id=\"usp_add-another\" class=\"usp-no-js\">Ein weiteres Bild hinzuf\u00fcgen<\/a>\t\t\t\t\t\t\t\n\t\t\t<\/div>\n\t\t\t<input type=\"hidden\" class=\"usp-hidden\" id=\"usp-min-images\" name=\"usp-min-images\" value=\"0\">\n\t\t\t<input type=\"hidden\" class=\"usp-hidden\" id=\"usp-max-images\" name=\"usp-max-images\" value=\"1\">\n\t\t<\/fieldset>\n\t\t\t\t\t\t\n\t\t<fieldset id=\"usp_verify\" style=\"display:none;\">\n\t\t\t<label for=\"user-submitted-verify\">Menschliche Verifizierung: Lassen Sie dieses Feld leer.<\/label>\n\t\t\t<input id=\"user-submitted-verify\" name=\"user-submitted-verify\" type=\"text\" value=\"\" data-parsley-excluded=\"true\">\n\t\t<\/fieldset>\n\t\t\n\t\t\t\t\n\t\t<div id=\"usp-submit\">\n\t\t\t\t\t\t\t\t\t\t\t\t\t\t\t\t\t\t\n\t\t\t<input type=\"submit\" class=\"usp-submit\" id=\"user-submitted-post\" name=\"user-submitted-post\" value=\"Beitrag absenden\">\n\t\t\t<input type=\"hidden\" id=\"usp-nonce\" name=\"usp-nonce\" value=\"3365d2469b\" \/>\t\t\t\n\t\t<\/div>\n\t\t\n\t<\/form>\n<\/div>\n<script>(function(){var e = document.getElementById('usp_verify'); if(e) e.parentNode.removeChild(e);})();<\/script>\n\n\n<\/code><\/p>\n","protected":false},"excerpt":{"rendered":"<p>Trage hier deinen neuesten Fang ein! Bitte f\u00fcge mindestens ein Bild hinzu, am besten mit gut lesbarem Ma\u00dfband neben dem Kaventsmann. Am besten sind mehrere Bilder. Bis zu 5 Bilder sind m\u00f6glich. Nach dem Hochladen wird dein Post manuell freigeschaltet.<\/p>\n","protected":false},"author":2,"featured_media":0,"parent":0,"menu_order":0,"comment_status":"closed","ping_status":"closed","template":"","meta":{"footnotes":""},"class_list":["post-19","page","type-page","status-publish","hentry"],"_links":{"self":[{"href":"https:\/\/www.ichhabdengroessten.de\/index.php?rest_route=\/wp\/v2\/pages\/19","targetHints":{"allow":["GET"]}}],"collection":[{"href":"https:\/\/www.ichhabdengroessten.de\/index.php?rest_route=\/wp\/v2\/pages"}],"about":[{"href":"https:\/\/www.ichhabdengroessten.de\/index.php?rest_route=\/wp\/v2\/types\/page"}],"author":[{"embeddable":true,"href":"https:\/\/www.ichhabdengroessten.de\/index.php?rest_route=\/wp\/v2\/users\/2"}],"replies":[{"embeddable":true,"href":"https:\/\/www.ichhabdengroessten.de\/index.php?rest_route=%2Fwp%2Fv2%2Fcomments&post=19"}],"version-history":[{"count":5,"href":"https:\/\/www.ichhabdengroessten.de\/index.php?rest_route=\/wp\/v2\/pages\/19\/revisions"}],"predecessor-version":[{"id":1060,"href":"https:\/\/www.ichhabdengroessten.de\/index.php?rest_route=\/wp\/v2\/pages\/19\/revisions\/1060"}],"wp:attachment":[{"href":"https:\/\/www.ichhabdengroessten.de\/index.php?rest_route=%2Fwp%2Fv2%2Fmedia&parent=19"}],"curies":[{"name":"wp","href":"https:\/\/api.w.org\/{rel}","templated":true}]}}